{"id":246,"date":"2019-11-03T06:12:38","date_gmt":"2019-11-03T06:12:38","guid":{"rendered":"https:\/\/x-theme.net\/avas-agency\/?page_id=246"},"modified":"2025-04-27T11:09:26","modified_gmt":"2025-04-27T09:09:26","slug":"contact-us-2","status":"publish","type":"page","link":"https:\/\/www.universoinvestigazioni.it\/IT\/contact-us-2\/","title":{"rendered":"Contact us"},"content":{"rendered":"\t\t<div data-elementor-type=\"wp-page\" data-elementor-id=\"246\" class=\"elementor elementor-246\">\n\t\t\t\t<div class=\"elementor-element elementor-element-3fe8288 e-flex e-con-boxed e-con e-parent\" data-id=\"3fe8288\" data-element_type=\"container\">\n\t\t\t\t\t<div class=\"e-con-inner\">\n\t\t\t\t<div class=\"elementor-element elementor-element-5fdffef elementor-widget-divider--view-line elementor-widget elementor-widget-divider\" data-id=\"5fdffef\" data-element_type=\"widget\" data-widget_type=\"divider.default\">\n\t\t\t\t<div class=\"elementor-widget-container\">\n\t\t\t\t\t\t\t<div class=\"elementor-divider\">\n\t\t\t<span class=\"elementor-divider-separator\">\n\t\t\t\t\t\t<\/span>\n\t\t<\/div>\n\t\t\t\t\t\t<\/div>\n\t\t\t\t<\/div>\n\t\t\t\t\t<\/div>\n\t\t\t\t<\/div>\n\t\t<div class=\"elementor-element elementor-element-f2cba87 e-flex e-con-boxed e-con e-parent\" data-id=\"f2cba87\" data-element_type=\"container\">\n\t\t\t\t\t<div class=\"e-con-inner\">\n\t\t\t\t<div class=\"elementor-element elementor-element-aa2bb45 elementor-widget elementor-widget-image\" data-id=\"aa2bb45\" data-element_type=\"widget\" data-widget_type=\"image.default\">\n\t\t\t\t<div class=\"elementor-widget-container\">\n\t\t\t\t\t\t\t\t\t\t\t\t\t\t\t<img fetchpriority=\"high\" decoding=\"async\" width=\"192\" height=\"272\" src=\"https:\/\/www.universoinvestigazioni.it\/IT\/wp-content\/uploads\/2025\/04\/universo-1-192x272.jpg\" class=\"attachment-medium size-medium wp-image-4167\" alt=\"\" srcset=\"https:\/\/www.universoinvestigazioni.it\/IT\/wp-content\/uploads\/2025\/04\/universo-1-192x272.jpg 192w, https:\/\/www.universoinvestigazioni.it\/IT\/wp-content\/uploads\/2025\/04\/universo-1-768x1086.jpg 768w, https:\/\/www.universoinvestigazioni.it\/IT\/wp-content\/uploads\/2025\/04\/universo-1-1086x1536.jpg 1086w, https:\/\/www.universoinvestigazioni.it\/IT\/wp-content\/uploads\/2025\/04\/universo-1.jpg 1448w\" sizes=\"(max-width: 192px) 100vw, 192px\" \/>\t\t\t\t\t\t\t\t\t\t\t\t\t\t\t<\/div>\n\t\t\t\t<\/div>\n\t\t\t\t\t<\/div>\n\t\t\t\t<\/div>\n\t\t\t\t<section class=\"elementor-section elementor-top-section elementor-element elementor-element-77c2c350 elementor-section-boxed elementor-section-height-default elementor-section-height-default\" data-id=\"77c2c350\" data-element_type=\"section\">\n\t\t\t\t\t\t<div class=\"elementor-container elementor-column-gap-default\">\n\t\t\t\t\t<div class=\"elementor-column elementor-col-50 elementor-top-column elementor-element elementor-element-74e85f76\" data-id=\"74e85f76\" data-element_type=\"column\">\n\t\t\t<div class=\"elementor-widget-wrap elementor-element-populated\">\n\t\t\t\t\t\t<div class=\"elementor-element elementor-element-7c3be2f tx-hd-align-center elementor-widget elementor-widget-avas-heading\" data-id=\"7c3be2f\" data-element_type=\"widget\" data-widget_type=\"avas-heading.default\">\n\t\t\t\t<div class=\"elementor-widget-container\">\n\t\t\t\t\t        <div class=\"tx-hd-wrap\">\n\n            <div class=\"tx-hd-wm\"><\/div>\n\n            \n            <div class=\"tx-hd-sub\"><\/div>\n                        <h2 class=\"tx-hd-title\">\n                <span class=\"tx-hd-first-part\">UNIVERSO<\/span>\n                <span class=\"tx-hd-last-part\">INVESTIGAZIONI<\/span>\n            <\/h2>    \n            \n            <div class=\"tx-hd-desc\"><p><span style=\"color: #000000\"><strong>Il nostro staff \u00e8 sempre pronto per fornire la migliore consulenza per le tue esigenze, potendo contare su pi\u00f9 di 30 anni di esperienza e le pi\u00f9 innovative attrezzature<\/strong><\/span><\/p><\/div>\n\n\n                   \n        <\/div><!-- tx-hd-wrap -->\n\n\n\n\n\n\n\n\n\t\t\t\t<\/div>\n\t\t\t\t<\/div>\n\t\t\t\t\t<\/div>\n\t\t<\/div>\n\t\t\t\t<div class=\"elementor-column elementor-col-50 elementor-top-column elementor-element elementor-element-56981f46\" data-id=\"56981f46\" data-element_type=\"column\">\n\t\t\t<div class=\"elementor-widget-wrap elementor-element-populated\">\n\t\t\t\t\t\t<div class=\"elementor-element elementor-element-3d841706 elementor-icon-list--layout-traditional elementor-list-item-link-full_width elementor-widget elementor-widget-icon-list\" data-id=\"3d841706\" data-element_type=\"widget\" data-widget_type=\"icon-list.default\">\n\t\t\t\t<div class=\"elementor-widget-container\">\n\t\t\t\t\t\t\t<ul class=\"elementor-icon-list-items\">\n\t\t\t\t\t\t\t<li class=\"elementor-icon-list-item\">\n\t\t\t\t\t\t\t\t\t\t\t<a href=\"https:\/\/www.google.com\/maps\/dir\/\/Via+degli+Abruzzi,+6+66034+Lanciano+CH\/@42.2298891,14.3918229,17z\/data=!4m5!4m4!1m0!1m2!1m1!1s0x1330fdcde5bf3089:0x7ebf72ab0f8a8592\">\n\n\t\t\t\t\t\t\t\t\t\t\t\t<span class=\"elementor-icon-list-icon\">\n\t\t\t\t\t\t\t<svg aria-hidden=\"true\" class=\"e-font-icon-svg e-fab-telegram-plane\" viewBox=\"0 0 448 512\" xmlns=\"http:\/\/www.w3.org\/2000\/svg\"><path d=\"M446.7 98.6l-67.6 318.8c-5.1 22.5-18.4 28.1-37.3 17.5l-103-75.9-49.7 47.8c-5.5 5.5-10.1 10.1-20.7 10.1l7.4-104.9 190.9-172.5c8.3-7.4-1.8-11.5-12.9-4.1L117.8 284 16.2 252.2c-22.1-6.9-22.5-22.1 4.6-32.7L418.2 66.4c18.4-6.9 34.5 4.1 28.5 32.2z\"><\/path><\/svg>\t\t\t\t\t\t<\/span>\n\t\t\t\t\t\t\t\t\t\t<span class=\"elementor-icon-list-text\">Via Abruzzi, 6 66034 Lanciano (CH)<\/span>\n\t\t\t\t\t\t\t\t\t\t\t<\/a>\n\t\t\t\t\t\t\t\t\t<\/li>\n\t\t\t\t\t\t\t\t<li class=\"elementor-icon-list-item\">\n\t\t\t\t\t\t\t\t\t\t\t<span class=\"elementor-icon-list-icon\">\n\t\t\t\t\t\t\t<svg aria-hidden=\"true\" class=\"e-font-icon-svg e-fas-phone-square-alt\" viewBox=\"0 0 448 512\" xmlns=\"http:\/\/www.w3.org\/2000\/svg\"><path d=\"M400 32H48A48 48 0 0 0 0 80v352a48 48 0 0 0 48 48h352a48 48 0 0 0 48-48V80a48 48 0 0 0-48-48zm-16.39 307.37l-15 65A15 15 0 0 1 354 416C194 416 64 286.29 64 126a15.7 15.7 0 0 1 11.63-14.61l65-15A18.23 18.23 0 0 1 144 96a16.27 16.27 0 0 1 13.79 9.09l30 70A17.9 17.9 0 0 1 189 181a17 17 0 0 1-5.5 11.61l-37.89 31a231.91 231.91 0 0 0 110.78 110.78l31-37.89A17 17 0 0 1 299 291a17.85 17.85 0 0 1 5.91 1.21l70 30A16.25 16.25 0 0 1 384 336a17.41 17.41 0 0 1-.39 3.37z\"><\/path><\/svg>\t\t\t\t\t\t<\/span>\n\t\t\t\t\t\t\t\t\t\t<span class=\"elementor-icon-list-text\">+39 339 242 5307<\/span>\n\t\t\t\t\t\t\t\t\t<\/li>\n\t\t\t\t\t\t\t\t<li class=\"elementor-icon-list-item\">\n\t\t\t\t\t\t\t\t\t\t\t<span class=\"elementor-icon-list-icon\">\n\t\t\t\t\t\t\t<svg aria-hidden=\"true\" class=\"e-font-icon-svg e-fas-phone-square-alt\" viewBox=\"0 0 448 512\" xmlns=\"http:\/\/www.w3.org\/2000\/svg\"><path d=\"M400 32H48A48 48 0 0 0 0 80v352a48 48 0 0 0 48 48h352a48 48 0 0 0 48-48V80a48 48 0 0 0-48-48zm-16.39 307.37l-15 65A15 15 0 0 1 354 416C194 416 64 286.29 64 126a15.7 15.7 0 0 1 11.63-14.61l65-15A18.23 18.23 0 0 1 144 96a16.27 16.27 0 0 1 13.79 9.09l30 70A17.9 17.9 0 0 1 189 181a17 17 0 0 1-5.5 11.61l-37.89 31a231.91 231.91 0 0 0 110.78 110.78l31-37.89A17 17 0 0 1 299 291a17.85 17.85 0 0 1 5.91 1.21l70 30A16.25 16.25 0 0 1 384 336a17.41 17.41 0 0 1-.39 3.37z\"><\/path><\/svg>\t\t\t\t\t\t<\/span>\n\t\t\t\t\t\t\t\t\t\t<span class=\"elementor-icon-list-text\">+39 0872 713 601<\/span>\n\t\t\t\t\t\t\t\t\t<\/li>\n\t\t\t\t\t\t\t\t<li class=\"elementor-icon-list-item\">\n\t\t\t\t\t\t\t\t\t\t\t<span class=\"elementor-icon-list-icon\">\n\t\t\t\t\t\t\t<svg aria-hidden=\"true\" class=\"e-font-icon-svg e-fas-envelope\" viewBox=\"0 0 512 512\" xmlns=\"http:\/\/www.w3.org\/2000\/svg\"><path d=\"M502.3 190.8c3.9-3.1 9.7-.2 9.7 4.7V400c0 26.5-21.5 48-48 48H48c-26.5 0-48-21.5-48-48V195.6c0-5 5.7-7.8 9.7-4.7 22.4 17.4 52.1 39.5 154.1 113.6 21.1 15.4 56.7 47.8 92.2 47.6 35.7.3 72-32.8 92.3-47.6 102-74.1 131.6-96.3 154-113.7zM256 320c23.2.4 56.6-29.2 73.4-41.4 132.7-96.3 142.8-104.7 173.4-128.7 5.8-4.5 9.2-11.5 9.2-18.9v-19c0-26.5-21.5-48-48-48H48C21.5 64 0 85.5 0 112v19c0 7.4 3.4 14.3 9.2 18.9 30.6 23.9 40.7 32.4 173.4 128.7 16.8 12.2 50.2 41.8 73.4 41.4z\"><\/path><\/svg>\t\t\t\t\t\t<\/span>\n\t\t\t\t\t\t\t\t\t\t<span class=\"elementor-icon-list-text\">info@universoinvestigazioni.it<\/span>\n\t\t\t\t\t\t\t\t\t<\/li>\n\t\t\t\t\t\t\t\t<li class=\"elementor-icon-list-item\">\n\t\t\t\t\t\t\t\t\t\t\t<span class=\"elementor-icon-list-icon\">\n\t\t\t\t\t\t\t<i aria-hidden=\"true\" class=\"im im-mail\"><\/i>\t\t\t\t\t\t<\/span>\n\t\t\t\t\t\t\t\t\t\t<span class=\"elementor-icon-list-text\">universoinvestigazioni@pec.it<\/span>\n\t\t\t\t\t\t\t\t\t<\/li>\n\t\t\t\t\t\t<\/ul>\n\t\t\t\t\t\t<\/div>\n\t\t\t\t<\/div>\n\t\t\t\t\t<\/div>\n\t\t<\/div>\n\t\t\t\t\t<\/div>\n\t\t<\/section>\n\t\t\t\t<section class=\"elementor-section elementor-top-section elementor-element elementor-element-267d9e6a elementor-section-boxed elementor-section-height-default elementor-section-height-default\" data-id=\"267d9e6a\" data-element_type=\"section\">\n\t\t\t\t\t\t<div class=\"elementor-container elementor-column-gap-default\">\n\t\t\t\t\t<div class=\"elementor-column elementor-col-100 elementor-top-column elementor-element elementor-element-1125e6c\" data-id=\"1125e6c\" data-element_type=\"column\">\n\t\t\t<div class=\"elementor-widget-wrap elementor-element-populated\">\n\t\t\t\t\t\t<div class=\"elementor-element elementor-element-1a383c51 elementor-widget elementor-widget-google_maps\" data-id=\"1a383c51\" data-element_type=\"widget\" data-widget_type=\"google_maps.default\">\n\t\t\t\t<div class=\"elementor-widget-container\">\n\t\t\t\t\t\t\t<div class=\"elementor-custom-embed\">\n\t\t\t<iframe loading=\"lazy\"\n\t\t\t\t\tsrc=\"https:\/\/maps.google.com\/maps?q=Via%20Abruzzi%2C%206%2066034%20Lanciano%20%28CH%29&#038;t=m&#038;z=17&#038;output=embed&#038;iwloc=near\"\n\t\t\t\t\ttitle=\"Via Abruzzi, 6 66034 Lanciano (CH)\"\n\t\t\t\t\taria-label=\"Via Abruzzi, 6 66034 Lanciano (CH)\"\n\t\t\t><\/iframe>\n\t\t<\/div>\n\t\t\t\t\t\t<\/div>\n\t\t\t\t<\/div>\n\t\t\t\t\t<\/div>\n\t\t<\/div>\n\t\t\t\t\t<\/div>\n\t\t<\/section>\n\t\t\t\t<\/div>\n\t\t","protected":false},"excerpt":{"rendered":"<p class=\"tx-excerpt\">UNIVERSO INVESTIGAZIONI Il nostro staff \u00e8 sempre pronto per fornire la migliore consulenza per le tue esigenze, potendo contare su pi\u00f9 di 30 anni di esperienza e le pi\u00f9 innovative attrezzature Via Abruzzi,","protected":false},"author":1,"featured_media":0,"parent":0,"menu_order":0,"comment_status":"closed","ping_status":"closed","template":"","meta":{"footnotes":""},"class_list":["post-246","page","type-page","status-publish","hentry"],"yoast_head":"<!-- This site is optimized with the Yoast SEO plugin v26.6 - https:\/\/yoast.com\/wordpress\/plugins\/seo\/ -->\r\n<title>Contact us - Universo Investigazioni<\/title>\r\n<meta name=\"robots\" content=\"index, follow, max-snippet:-1, max-image-preview:large, max-video-preview:-1\" \/>\r\n<link rel=\"canonical\" href=\"https:\/\/www.universoinvestigazioni.it\/IT\/contact-us-2\/\" \/>\r\n<meta property=\"og:locale\" content=\"it_IT\" \/>\r\n<meta property=\"og:type\" content=\"article\" \/>\r\n<meta property=\"og:title\" content=\"Contact us - Universo Investigazioni\" \/>\r\n<meta property=\"og:description\" content=\"UNIVERSO INVESTIGAZIONI Il nostro staff \u00e8 sempre pronto per fornire la migliore consulenza per le tue esigenze, potendo contare su pi\u00f9 di 30 anni di esperienza e le pi\u00f9 innovative attrezzature Via Abruzzi, 6 66034 Lanciano (CH) +39 339 242 5307 +39 0872 713 601 info@universoinvestigazioni.it universoinvestigazioni@pec.it\" \/>\r\n<meta property=\"og:url\" content=\"https:\/\/www.universoinvestigazioni.it\/IT\/contact-us-2\/\" \/>\r\n<meta property=\"og:site_name\" content=\"Universo Investigazioni\" \/>\r\n<meta property=\"article:modified_time\" content=\"2025-04-27T09:09:26+00:00\" \/>\r\n<meta property=\"og:image\" content=\"https:\/\/www.universoinvestigazioni.it\/IT\/wp-content\/uploads\/2025\/04\/universo-1.jpg\" \/>\r\n\t<meta property=\"og:image:width\" content=\"1448\" \/>\r\n\t<meta property=\"og:image:height\" content=\"2048\" \/>\r\n\t<meta property=\"og:image:type\" content=\"image\/jpeg\" \/>\r\n<meta name=\"twitter:card\" content=\"summary_large_image\" \/>\r\n<meta name=\"twitter:label1\" content=\"Tempo di lettura stimato\" \/>\n\t<meta name=\"twitter:data1\" content=\"1 minuto\" \/>\r\n<script type=\"application\/ld+json\" class=\"yoast-schema-graph\">{\"@context\":\"https:\/\/schema.org\",\"@graph\":[{\"@type\":\"WebPage\",\"@id\":\"https:\/\/www.universoinvestigazioni.it\/IT\/contact-us-2\/\",\"url\":\"https:\/\/www.universoinvestigazioni.it\/IT\/contact-us-2\/\",\"name\":\"Contact us - Universo Investigazioni\",\"isPartOf\":{\"@id\":\"https:\/\/www.universoinvestigazioni.it\/IT\/#website\"},\"primaryImageOfPage\":{\"@id\":\"https:\/\/www.universoinvestigazioni.it\/IT\/contact-us-2\/#primaryimage\"},\"image\":{\"@id\":\"https:\/\/www.universoinvestigazioni.it\/IT\/contact-us-2\/#primaryimage\"},\"thumbnailUrl\":\"https:\/\/www.universoinvestigazioni.it\/IT\/wp-content\/uploads\/2025\/04\/universo-1-192x272.jpg\",\"datePublished\":\"2019-11-03T06:12:38+00:00\",\"dateModified\":\"2025-04-27T09:09:26+00:00\",\"breadcrumb\":{\"@id\":\"https:\/\/www.universoinvestigazioni.it\/IT\/contact-us-2\/#breadcrumb\"},\"inLanguage\":\"it-IT\",\"potentialAction\":[{\"@type\":\"ReadAction\",\"target\":[\"https:\/\/www.universoinvestigazioni.it\/IT\/contact-us-2\/\"]}]},{\"@type\":\"ImageObject\",\"inLanguage\":\"it-IT\",\"@id\":\"https:\/\/www.universoinvestigazioni.it\/IT\/contact-us-2\/#primaryimage\",\"url\":\"https:\/\/www.universoinvestigazioni.it\/IT\/wp-content\/uploads\/2025\/04\/universo-1.jpg\",\"contentUrl\":\"https:\/\/www.universoinvestigazioni.it\/IT\/wp-content\/uploads\/2025\/04\/universo-1.jpg\",\"width\":1448,\"height\":2048},{\"@type\":\"BreadcrumbList\",\"@id\":\"https:\/\/www.universoinvestigazioni.it\/IT\/contact-us-2\/#breadcrumb\",\"itemListElement\":[{\"@type\":\"ListItem\",\"position\":1,\"name\":\"Home\",\"item\":\"https:\/\/www.universoinvestigazioni.it\/IT\/\"},{\"@type\":\"ListItem\",\"position\":2,\"name\":\"Contact us\"}]},{\"@type\":\"WebSite\",\"@id\":\"https:\/\/www.universoinvestigazioni.it\/IT\/#website\",\"url\":\"https:\/\/www.universoinvestigazioni.it\/IT\/\",\"name\":\"Universo Investigazioni\",\"description\":\"\",\"potentialAction\":[{\"@type\":\"SearchAction\",\"target\":{\"@type\":\"EntryPoint\",\"urlTemplate\":\"https:\/\/www.universoinvestigazioni.it\/IT\/?s={search_term_string}\"},\"query-input\":{\"@type\":\"PropertyValueSpecification\",\"valueRequired\":true,\"valueName\":\"search_term_string\"}}],\"inLanguage\":\"it-IT\"}]}<\/script>\r\n<!-- \/ Yoast SEO plugin. -->","yoast_head_json":{"title":"Contact us - Universo Investigazioni","robots":{"index":"index","follow":"follow","max-snippet":"max-snippet:-1","max-image-preview":"max-image-preview:large","max-video-preview":"max-video-preview:-1"},"canonical":"https:\/\/www.universoinvestigazioni.it\/IT\/contact-us-2\/","og_locale":"it_IT","og_type":"article","og_title":"Contact us - Universo Investigazioni","og_description":"UNIVERSO INVESTIGAZIONI Il nostro staff \u00e8 sempre pronto per fornire la migliore consulenza per le tue esigenze, potendo contare su pi\u00f9 di 30 anni di esperienza e le pi\u00f9 innovative attrezzature Via Abruzzi, 6 66034 Lanciano (CH) +39 339 242 5307 +39 0872 713 601 info@universoinvestigazioni.it universoinvestigazioni@pec.it","og_url":"https:\/\/www.universoinvestigazioni.it\/IT\/contact-us-2\/","og_site_name":"Universo Investigazioni","article_modified_time":"2025-04-27T09:09:26+00:00","og_image":[{"width":1448,"height":2048,"url":"https:\/\/www.universoinvestigazioni.it\/IT\/wp-content\/uploads\/2025\/04\/universo-1.jpg","type":"image\/jpeg"}],"twitter_card":"summary_large_image","twitter_misc":{"Tempo di lettura stimato":"1 minuto"},"schema":{"@context":"https:\/\/schema.org","@graph":[{"@type":"WebPage","@id":"https:\/\/www.universoinvestigazioni.it\/IT\/contact-us-2\/","url":"https:\/\/www.universoinvestigazioni.it\/IT\/contact-us-2\/","name":"Contact us - Universo Investigazioni","isPartOf":{"@id":"https:\/\/www.universoinvestigazioni.it\/IT\/#website"},"primaryImageOfPage":{"@id":"https:\/\/www.universoinvestigazioni.it\/IT\/contact-us-2\/#primaryimage"},"image":{"@id":"https:\/\/www.universoinvestigazioni.it\/IT\/contact-us-2\/#primaryimage"},"thumbnailUrl":"https:\/\/www.universoinvestigazioni.it\/IT\/wp-content\/uploads\/2025\/04\/universo-1-192x272.jpg","datePublished":"2019-11-03T06:12:38+00:00","dateModified":"2025-04-27T09:09:26+00:00","breadcrumb":{"@id":"https:\/\/www.universoinvestigazioni.it\/IT\/contact-us-2\/#breadcrumb"},"inLanguage":"it-IT","potentialAction":[{"@type":"ReadAction","target":["https:\/\/www.universoinvestigazioni.it\/IT\/contact-us-2\/"]}]},{"@type":"ImageObject","inLanguage":"it-IT","@id":"https:\/\/www.universoinvestigazioni.it\/IT\/contact-us-2\/#primaryimage","url":"https:\/\/www.universoinvestigazioni.it\/IT\/wp-content\/uploads\/2025\/04\/universo-1.jpg","contentUrl":"https:\/\/www.universoinvestigazioni.it\/IT\/wp-content\/uploads\/2025\/04\/universo-1.jpg","width":1448,"height":2048},{"@type":"BreadcrumbList","@id":"https:\/\/www.universoinvestigazioni.it\/IT\/contact-us-2\/#breadcrumb","itemListElement":[{"@type":"ListItem","position":1,"name":"Home","item":"https:\/\/www.universoinvestigazioni.it\/IT\/"},{"@type":"ListItem","position":2,"name":"Contact us"}]},{"@type":"WebSite","@id":"https:\/\/www.universoinvestigazioni.it\/IT\/#website","url":"https:\/\/www.universoinvestigazioni.it\/IT\/","name":"Universo Investigazioni","description":"","potentialAction":[{"@type":"SearchAction","target":{"@type":"EntryPoint","urlTemplate":"https:\/\/www.universoinvestigazioni.it\/IT\/?s={search_term_string}"},"query-input":{"@type":"PropertyValueSpecification","valueRequired":true,"valueName":"search_term_string"}}],"inLanguage":"it-IT"}]}},"_links":{"self":[{"href":"https:\/\/www.universoinvestigazioni.it\/IT\/wp-json\/wp\/v2\/pages\/246","targetHints":{"allow":["GET"]}}],"collection":[{"href":"https:\/\/www.universoinvestigazioni.it\/IT\/wp-json\/wp\/v2\/pages"}],"about":[{"href":"https:\/\/www.universoinvestigazioni.it\/IT\/wp-json\/wp\/v2\/types\/page"}],"author":[{"embeddable":true,"href":"https:\/\/www.universoinvestigazioni.it\/IT\/wp-json\/wp\/v2\/users\/1"}],"replies":[{"embeddable":true,"href":"https:\/\/www.universoinvestigazioni.it\/IT\/wp-json\/wp\/v2\/comments?post=246"}],"version-history":[{"count":0,"href":"https:\/\/www.universoinvestigazioni.it\/IT\/wp-json\/wp\/v2\/pages\/246\/revisions"}],"wp:attachment":[{"href":"https:\/\/www.universoinvestigazioni.it\/IT\/wp-json\/wp\/v2\/media?parent=246"}],"curies":[{"name":"wp","href":"https:\/\/api.w.org\/{rel}","templated":true}]}}